{"id":4908,"date":"2023-02-24T11:25:31","date_gmt":"2023-02-24T11:25:31","guid":{"rendered":"https:\/\/douronobilis.pt\/localisation\/"},"modified":"2023-06-21T09:07:26","modified_gmt":"2023-06-21T09:07:26","slug":"localisation","status":"publish","type":"page","link":"https:\/\/douronobilis.pt\/fr\/localisation\/","title":{"rendered":"Localisation"},"content":{"rendered":"\t\t<div data-elementor-type=\"wp-post\" data-elementor-id=\"4908\" class=\"elementor elementor-4908 elementor-3861\">\n\t\t\t\t\t\t<section class=\"elementor-section elementor-top-section elementor-element elementor-element-a78904c elementor-section-stretched elementor-section-boxed elementor-section-height-default elementor-section-height-default\" data-id=\"a78904c\" data-element_type=\"section\" data-settings=\"{&quot;stretch_section&quot;:&quot;section-stretched&quot;,&quot;background_background&quot;:&quot;classic&quot;}\">\n\t\t\t\t\t\t<div class=\"elementor-container elementor-column-gap-default\">\n\t\t\t\t\t<div class=\"elementor-column elementor-col-50 elementor-top-column elementor-element elementor-element-05bec63\" data-id=\"05bec63\" data-element_type=\"column\">\n\t\t\t<div class=\"elementor-widget-wrap elementor-element-populated\">\n\t\t\t\t\t\t<div class=\"elementor-element elementor-element-b64d97a elementor-widget elementor-widget-image\" data-id=\"b64d97a\" data-element_type=\"widget\" data-widget_type=\"image.default\">\n\t\t\t\t<div class=\"elementor-widget-container\">\n\t\t\t\t\t\t\t\t\t\t\t\t\t\t\t<img fetchpriority=\"high\" decoding=\"async\" width=\"589\" height=\"425\" src=\"https:\/\/douronobilis.pt\/wp-content\/uploads\/2023\/02\/image-2.jpg\" class=\"attachment-large size-large wp-image-4752\" alt=\"\" srcset=\"https:\/\/douronobilis.pt\/wp-content\/uploads\/2023\/02\/image-2.jpg 589w, https:\/\/douronobilis.pt\/wp-content\/uploads\/2023\/02\/image-2-300x216.jpg 300w, https:\/\/douronobilis.pt\/wp-content\/uploads\/2023\/02\/image-2-400x289.jpg 400w\" sizes=\"(max-width: 589px) 100vw, 589px\" \/>\t\t\t\t\t\t\t\t\t\t\t\t\t\t\t<\/div>\n\t\t\t\t<\/div>\n\t\t\t\t\t<\/div>\n\t\t<\/div>\n\t\t\t\t<div class=\"elementor-column elementor-col-50 elementor-top-column elementor-element elementor-element-4c977fc\" data-id=\"4c977fc\" data-element_type=\"column\">\n\t\t\t<div class=\"elementor-widget-wrap elementor-element-populated\">\n\t\t\t\t\t\t<div class=\"elementor-element elementor-element-d9af340 elementor-widget elementor-widget-text-editor\" data-id=\"d9af340\" data-element_type=\"widget\" data-widget_type=\"text-editor.default\">\n\t\t\t\t<div class=\"elementor-widget-container\">\n\t\t\t\t\t\t\t\t\t<p><strong>LE NOVEAU CENTRE<\/strong><br \/>DE VILA NOVA DE <br \/>GAIA<\/p>\t\t\t\t\t\t\t\t<\/div>\n\t\t\t\t<\/div>\n\t\t\t\t<div class=\"elementor-element elementor-element-f4c05aa elementor-widget elementor-widget-text-editor\" data-id=\"f4c05aa\" data-element_type=\"widget\" data-widget_type=\"text-editor.default\">\n\t\t\t\t<div class=\"elementor-widget-container\">\n\t\t\t\t\t\t\t\t\t<p>Avec une vue imprenable sur le fleuve Douro et un acc\u00e8s facile \u00e0 la ville de Porto, cette r\u00e9gion est parfaite pour ceux qui cherchent \u00e0 concilier la tranquillit\u00e9 de la vie \u00e0 la campagne et l&rsquo;agitation de la ville. En outre, la s\u00e9curit\u00e9 et le confort sont garantis, ce qui fait de Douro Nobre Prestige View une option id\u00e9ale pour ceux qui recherchent un mode de vie de qualit\u00e9. La r\u00e9gion pr\u00e9sente une caract\u00e9ristique distincte, avec une grande vari\u00e9t\u00e9 de restaurants, de boutiques et de divertissements, offrant une exp\u00e9rience unique \u00e0 ses r\u00e9sidents et \u00e0 ses visiteurs.<\/p>\t\t\t\t\t\t\t\t<\/div>\n\t\t\t\t<\/div>\n\t\t\t\t\t<\/div>\n\t\t<\/div>\n\t\t\t\t\t<\/div>\n\t\t<\/section>\n\t\t\t\t<section class=\"elementor-section elementor-top-section elementor-element elementor-element-0193ac9 elementor-section-stretched elementor-section-boxed elementor-section-height-default elementor-section-height-default\" data-id=\"0193ac9\" data-element_type=\"section\" data-settings=\"{&quot;stretch_section&quot;:&quot;section-stretched&quot;,&quot;background_background&quot;:&quot;classic&quot;}\">\n\t\t\t\t\t\t<div class=\"elementor-container elementor-column-gap-default\">\n\t\t\t\t\t<div class=\"elementor-column elementor-col-50 elementor-top-column elementor-element elementor-element-2d63e31\" data-id=\"2d63e31\" data-element_type=\"column\">\n\t\t\t<div class=\"elementor-widget-wrap elementor-element-populated\">\n\t\t\t\t\t\t<div class=\"elementor-element elementor-element-7443413 elementor-widget elementor-widget-text-editor\" data-id=\"7443413\" data-element_type=\"widget\" data-widget_type=\"text-editor.default\">\n\t\t\t\t<div class=\"elementor-widget-container\">\n\t\t\t\t\t\t\t\t\t<p><strong>PORTO\u00a0M\u00c9TRO<\/strong><br \/>DE VILA NOVA DE <br \/>GAIA<\/p>\t\t\t\t\t\t\t\t<\/div>\n\t\t\t\t<\/div>\n\t\t\t\t<div class=\"elementor-element elementor-element-46408d2 elementor-widget elementor-widget-text-editor\" data-id=\"46408d2\" data-element_type=\"widget\" data-widget_type=\"text-editor.default\">\n\t\t\t\t<div class=\"elementor-widget-container\">\n\t\t\t\t\t\t\t\t\t<p>Cette ligne pr\u00e9voit \u00e9galement la construction d&rsquo;une \u0153uvre d&rsquo;art sp\u00e9ciale, un pont sur le fleuve Douro. Ce pont assurera la liaison entre Campo Alegre et Arr\u00e1bida et servira uniquement au m\u00e9tro et \u00e0 la circulation des pi\u00e9tons, conform\u00e9ment \u00e0 la composante \u00ab\u00a0mobilit\u00e9 durable\u00a0\u00bb du PRR.<\/p><p>Dans le cadre de la mise en \u0153uvre de l&rsquo;infrastructure du m\u00e9tro, dans les zones o\u00f9 la nouvelle ligne de m\u00e9tro est en surface ou interf\u00e8re avec elle, le r\u00e9seau routier et l&rsquo;espace public, l&rsquo;insertion urbaine et l&rsquo;am\u00e9nagement paysager seront reformul\u00e9s.<\/p>\t\t\t\t\t\t\t\t<\/div>\n\t\t\t\t<\/div>\n\t\t\t\t\t<\/div>\n\t\t<\/div>\n\t\t\t\t<div class=\"elementor-column elementor-col-50 elementor-top-column elementor-element elementor-element-32b5cd6\" data-id=\"32b5cd6\" data-element_type=\"column\">\n\t\t\t<div class=\"elementor-widget-wrap elementor-element-populated\">\n\t\t\t\t\t\t<div class=\"elementor-element elementor-element-ddcd4c8 elementor-widget elementor-widget-image\" data-id=\"ddcd4c8\" data-element_type=\"widget\" data-widget_type=\"image.default\">\n\t\t\t\t<div class=\"elementor-widget-container\">\n\t\t\t\t\t\t\t\t\t\t\t\t\t\t\t<img decoding=\"async\" width=\"600\" height=\"426\" src=\"https:\/\/douronobilis.pt\/wp-content\/uploads\/2023\/06\/localizacao.jpg\" class=\"attachment-large size-large wp-image-5470\" alt=\"\" srcset=\"https:\/\/douronobilis.pt\/wp-content\/uploads\/2023\/06\/localizacao.jpg 813w, https:\/\/douronobilis.pt\/wp-content\/uploads\/2023\/06\/localizacao-300x213.jpg 300w, https:\/\/douronobilis.pt\/wp-content\/uploads\/2023\/06\/localizacao-768x545.jpg 768w, https:\/\/douronobilis.pt\/wp-content\/uploads\/2023\/06\/localizacao-400x284.jpg 400w\" sizes=\"(max-width: 600px) 100vw, 600px\" \/>\t\t\t\t\t\t\t\t\t\t\t\t\t\t\t<\/div>\n\t\t\t\t<\/div>\n\t\t\t\t\t<\/div>\n\t\t<\/div>\n\t\t\t\t\t<\/div>\n\t\t<\/section>\n\t\t\t\t<section class=\"elementor-section elementor-top-section elementor-element elementor-element-75921d4 elementor-section-stretched elementor-section-boxed elementor-section-height-default elementor-section-height-default\" data-id=\"75921d4\" data-element_type=\"section\" data-settings=\"{&quot;stretch_section&quot;:&quot;section-stretched&quot;,&quot;background_background&quot;:&quot;classic&quot;}\">\n\t\t\t\t\t\t<div class=\"elementor-container elementor-column-gap-default\">\n\t\t\t\t\t<div class=\"elementor-column elementor-col-100 elementor-top-column elementor-element elementor-element-f9bc04e\" data-id=\"f9bc04e\" data-element_type=\"column\">\n\t\t\t<div class=\"elementor-widget-wrap elementor-element-populated\">\n\t\t\t\t\t\t<section class=\"elementor-section elementor-inner-section elementor-element elementor-element-e6a37bf elementor-section-boxed elementor-section-height-default elementor-section-height-default\" data-id=\"e6a37bf\" data-element_type=\"section\">\n\t\t\t\t\t\t<div class=\"elementor-container elementor-column-gap-custom\">\n\t\t\t\t\t<div class=\"elementor-column elementor-col-33 elementor-inner-column elementor-element elementor-element-7fa9c13\" data-id=\"7fa9c13\" data-element_type=\"column\" data-settings=\"{&quot;background_background&quot;:&quot;classic&quot;}\">\n\t\t\t<div class=\"elementor-widget-wrap elementor-element-populated\">\n\t\t\t\t\t\t<div class=\"elementor-element elementor-element-814ea56 elementor-widget elementor-widget-text-editor\" data-id=\"814ea56\" data-element_type=\"widget\" data-widget_type=\"text-editor.default\">\n\t\t\t\t<div class=\"elementor-widget-container\">\n\t\t\t\t\t\t\t\t\t<p><strong>A <\/strong>&#8211; Nouvelle station de m\u00e9tro&#8230;&#8230;.1 min \u00e0 pied<strong><br \/>B <\/strong>&#8211; Gaia Pier&#8230;&#8230;.14 min \u00e0 pied<strong><br \/>C <\/strong>&#8211; Pont d&rsquo;Arr\u00e1bida&#8230;.2 min en voiture<strong><br \/>D <\/strong>&#8211; Lavandeira Park&#8230;.5 min en voiture<strong><br \/>E <\/strong>&#8211; Gaia Shopping&#8230;&#8230;. min en voiture<strong><br \/>F <\/strong>&#8211; Caves de vin de Porto&#8230;&#8230;.7 min en voiture<strong><br \/>G <\/strong>&#8211; Pont D Lu\u00eds I&#8230;&#8230;.10 min en voiture<strong><br \/><\/strong><img decoding=\"async\" class=\"wp-image-5458\" style=\"margin-top: 25px;\" src=\"https:\/\/douronobilis.pt\/wp-content\/uploads\/2023\/06\/icon-mapa.gif\" alt=\"\" width=\"39\" height=\"25\" \/> nouvelle ligne de m\u00e9tro<\/p>\t\t\t\t\t\t\t\t<\/div>\n\t\t\t\t<\/div>\n\t\t\t\t\t<\/div>\n\t\t<\/div>\n\t\t\t\t<div class=\"elementor-column elementor-col-66 elementor-inner-column elementor-element elementor-element-e4df127\" data-id=\"e4df127\" data-element_type=\"column\" data-settings=\"{&quot;background_background&quot;:&quot;classic&quot;}\">\n\t\t\t<div class=\"elementor-widget-wrap elementor-element-populated\">\n\t\t\t\t\t\t<div class=\"elementor-element elementor-element-6be1bcc elementor-widget elementor-widget-image\" data-id=\"6be1bcc\" data-element_type=\"widget\" data-widget_type=\"image.default\">\n\t\t\t\t<div class=\"elementor-widget-container\">\n\t\t\t\t\t\t\t\t\t\t\t\t\t\t\t<img loading=\"lazy\" decoding=\"async\" width=\"813\" height=\"577\" src=\"https:\/\/douronobilis.pt\/wp-content\/uploads\/2023\/06\/mapa_new.jpg\" class=\"attachment-full size-full wp-image-5454\" alt=\"\" srcset=\"https:\/\/douronobilis.pt\/wp-content\/uploads\/2023\/06\/mapa_new.jpg 813w, https:\/\/douronobilis.pt\/wp-content\/uploads\/2023\/06\/mapa_new-300x213.jpg 300w, https:\/\/douronobilis.pt\/wp-content\/uploads\/2023\/06\/mapa_new-768x545.jpg 768w, https:\/\/douronobilis.pt\/wp-content\/uploads\/2023\/06\/mapa_new-400x284.jpg 400w\" sizes=\"(max-width: 813px) 100vw, 813px\" \/>\t\t\t\t\t\t\t\t\t\t\t\t\t\t\t<\/div>\n\t\t\t\t<\/div>\n\t\t\t\t\t<\/div>\n\t\t<\/div>\n\t\t\t\t\t<\/div>\n\t\t<\/section>\n\t\t\t\t\t<\/div>\n\t\t<\/div>\n\t\t\t\t\t<\/div>\n\t\t<\/section>\n\t\t\t\t<section class=\"elementor-section elementor-top-section elementor-element elementor-element-67c30d7 or-local-form elementor-section-boxed elementor-section-height-default elementor-section-height-default\" data-id=\"67c30d7\" data-element_type=\"section\">\n\t\t\t\t\t\t<div class=\"elementor-container elementor-column-gap-default\">\n\t\t\t\t\t<div class=\"elementor-column elementor-col-100 elementor-top-column elementor-element elementor-element-62afc33\" data-id=\"62afc33\" data-element_type=\"column\">\n\t\t\t<div class=\"elementor-widget-wrap elementor-element-populated\">\n\t\t\t\t\t\t<div class=\"elementor-element elementor-element-8f218fb elementor-heading__align-center elementor-widget elementor-widget-heading\" data-id=\"8f218fb\" data-element_type=\"widget\" data-widget_type=\"heading.default\">\n\t\t\t\t<div class=\"elementor-widget-container\">\n\t\t\t\t\t<h2 class=\"elementor-heading-title elementor-size-default\">Contactez-nous pour plus d'informations !<\/h2>\t\t\t\t<\/div>\n\t\t\t\t<\/div>\n\t\t\t\t<div class=\"elementor-element elementor-element-4f75a10 elementor-widget elementor-widget-opal-contactform7\" data-id=\"4f75a10\" data-element_type=\"widget\" data-widget_type=\"opal-contactform7.default\">\n\t\t\t\t<div class=\"elementor-widget-container\">\n\t\t\t\t\t\n<div class=\"wpcf7 no-js\" id=\"wpcf7-f5086-o1\" lang=\"en-US\" dir=\"ltr\" data-wpcf7-id=\"5086\">\n<div class=\"screen-reader-response\"><p role=\"status\" aria-live=\"polite\" aria-atomic=\"true\"><\/p> <ul><\/ul><\/div>\n<form action=\"\/fr\/wp-json\/wp\/v2\/pages\/4908#wpcf7-f5086-o1\" method=\"post\" class=\"wpcf7-form init\" aria-label=\"Contact form\" novalidate=\"novalidate\" data-status=\"init\">\n<fieldset class=\"hidden-fields-container\"><input type=\"hidden\" name=\"_wpcf7\" value=\"5086\" \/><input type=\"hidden\" name=\"_wpcf7_version\" value=\"6.1\" \/><input type=\"hidden\" name=\"_wpcf7_locale\" value=\"en_US\" \/><input type=\"hidden\" name=\"_wpcf7_unit_tag\" value=\"wpcf7-f5086-o1\" \/><input type=\"hidden\" name=\"_wpcf7_container_post\" value=\"0\" \/><input type=\"hidden\" name=\"_wpcf7_posted_data_hash\" value=\"\" \/><input type=\"hidden\" name=\"_wpcf7_recaptcha_response\" value=\"\" \/>\n<\/fieldset>\n<div class=\"row\">\n\t<div class=\"col-sm-6\">\n\t\t<div class=\"mb-3\">\n\t\t\t<p><span class=\"wpcf7-form-control-wrap\" data-name=\"your-name\"><input size=\"40\" maxlength=\"400\" class=\"wpcf7-form-control wpcf7-text wpcf7-validates-as-required\" aria-required=\"true\" aria-invalid=\"false\" placeholder=\"Nom *\" value=\"\" type=\"text\" name=\"your-name\" \/><\/span>\n\t\t\t<\/p>\n\t\t<\/div>\n\t<\/div>\n\t<div class=\"col-sm-6\">\n\t\t<div class=\"mb-3\">\n\t\t\t<p><span class=\"wpcf7-form-control-wrap\" data-name=\"your-email\"><input size=\"40\" maxlength=\"400\" class=\"wpcf7-form-control wpcf7-email wpcf7-validates-as-required wpcf7-text wpcf7-validates-as-email\" aria-required=\"true\" aria-invalid=\"false\" placeholder=\"Email *\" value=\"\" type=\"email\" name=\"your-email\" \/><\/span>\n\t\t\t<\/p>\n\t\t<\/div>\n\t<\/div>\n\t<div class=\"col-sm-12\">\n\t\t<div class=\"mb-3\">\n\t\t\t<p><span class=\"wpcf7-form-control-wrap\" data-name=\"your-message\"><textarea cols=\"20\" rows=\"5\" maxlength=\"2000\" class=\"wpcf7-form-control wpcf7-textarea\" aria-invalid=\"false\" placeholder=\"Message\" name=\"your-message\"><\/textarea><\/span>\n\t\t\t<\/p>\n\t\t<\/div>\n\t<\/div>\n\t<div class=\"col-sm-12\">\n\t\t<div class=\"mb-3 text-center\">\n\t\t\t<p><span class=\"wpcf7-form-control-wrap\" data-name=\"checkbox-336\"><span class=\"wpcf7-form-control wpcf7-checkbox wpcf7-validates-as-required\"><span class=\"wpcf7-list-item first last\"><input type=\"checkbox\" name=\"checkbox-336[]\" value=\"J&#039;ai lu et j&#039;accepte la politique de confidentialit\u00e9.\" \/><span class=\"wpcf7-list-item-label\">J&#039;ai lu et j&#039;accepte la politique de confidentialit\u00e9.<\/span><\/span><\/span><\/span>\n\t\t\t<\/p>\n\t\t<\/div>\n\t<\/div>\n\t<div class=\"col-sm-12\">\n\t\t<div class=\"mb-3\">\n\t\t\t<p><input class=\"wpcf7-form-control wpcf7-submit has-spinner w-100 button-lg\" type=\"submit\" value=\"Envoyer\" \/>\n\t\t\t<\/p>\n\t\t<\/div>\n\t<\/div>\n<\/div><div class=\"wpcf7-response-output\" aria-hidden=\"true\"><\/div>\n<\/form>\n<\/div>\n\t\t\t\t<\/div>\n\t\t\t\t<\/div>\n\t\t\t\t\t<\/div>\n\t\t<\/div>\n\t\t\t\t\t<\/div>\n\t\t<\/section>\n\t\t\t\t<\/div>\n\t\t","protected":false},"excerpt":{"rendered":"<p>LE NOVEAU CENTREDE VILA NOVA DE GAIA Avec une vue imprenable sur le fleuve Douro et un acc\u00e8s facile \u00e0 la ville de Porto, cette r\u00e9gion est parfaite pour ceux qui cherchent \u00e0 concilier la tranquillit\u00e9 de la vie \u00e0 la campagne et l&rsquo;agitation de la ville. En outre, la s\u00e9curit\u00e9 et le confort sont &hellip; <\/p>\n<p class=\"link-more\"><a href=\"https:\/\/douronobilis.pt\/fr\/localisation\/\" class=\"more-link\">Read More <span class=\"screen-reader-text\"> \u00ab\u00a0Localisation\u00a0\u00bb<\/span><\/a><\/p>\n","protected":false},"author":1,"featured_media":0,"parent":0,"menu_order":0,"comment_status":"closed","ping_status":"closed","template":"page-elementor.php","meta":{"_acf_changed":false,"inline_featured_image":false,"footnotes":""},"class_list":["post-4908","page","type-page","status-publish","hentry"],"acf":[],"_links":{"self":[{"href":"https:\/\/douronobilis.pt\/fr\/wp-json\/wp\/v2\/pages\/4908","targetHints":{"allow":["GET"]}}],"collection":[{"href":"https:\/\/douronobilis.pt\/fr\/wp-json\/wp\/v2\/pages"}],"about":[{"href":"https:\/\/douronobilis.pt\/fr\/wp-json\/wp\/v2\/types\/page"}],"author":[{"embeddable":true,"href":"https:\/\/douronobilis.pt\/fr\/wp-json\/wp\/v2\/users\/1"}],"replies":[{"embeddable":true,"href":"https:\/\/douronobilis.pt\/fr\/wp-json\/wp\/v2\/comments?post=4908"}],"version-history":[{"count":31,"href":"https:\/\/douronobilis.pt\/fr\/wp-json\/wp\/v2\/pages\/4908\/revisions"}],"predecessor-version":[{"id":5503,"href":"https:\/\/douronobilis.pt\/fr\/wp-json\/wp\/v2\/pages\/4908\/revisions\/5503"}],"wp:attachment":[{"href":"https:\/\/douronobilis.pt\/fr\/wp-json\/wp\/v2\/media?parent=4908"}],"curies":[{"name":"wp","href":"https:\/\/api.w.org\/{rel}","templated":true}]}}