{"id":4586,"date":"2023-03-09T23:03:45","date_gmt":"2023-03-09T23:03:45","guid":{"rendered":"https:\/\/douronobilis.pt\/politica-de-privacidade\/"},"modified":"2023-03-10T22:42:26","modified_gmt":"2023-03-10T22:42:26","slug":"privacy-policy","status":"publish","type":"page","link":"https:\/\/douronobilis.pt\/en\/privacy-policy\/","title":{"rendered":"Privacy Policy"},"content":{"rendered":"\t\t<div data-elementor-type=\"wp-post\" data-elementor-id=\"4586\" class=\"elementor elementor-4586 elementor-4139\">\n\t\t\t\t\t\t<section class=\"elementor-section elementor-top-section elementor-element elementor-element-694e3f7 elementor-section-boxed elementor-section-height-default elementor-section-height-default\" data-id=\"694e3f7\" data-element_type=\"section\">\n\t\t\t\t\t\t<div class=\"elementor-container elementor-column-gap-default\">\n\t\t\t\t\t<div class=\"elementor-column elementor-col-100 elementor-top-column elementor-element elementor-element-18b015e\" data-id=\"18b015e\" data-element_type=\"column\">\n\t\t\t<div class=\"elementor-widget-wrap elementor-element-populated\">\n\t\t\t\t\t\t<div class=\"elementor-element elementor-element-0e5cfeb elementor-widget elementor-widget-text-editor\" data-id=\"0e5cfeb\" data-element_type=\"widget\" data-widget_type=\"text-editor.default\">\n\t\t\t\t<div class=\"elementor-widget-container\">\n\t\t\t\t\t\t\t\t\t<p><strong>Privacy Policy and Cookies<\/strong><\/p><p>Before you browse our site, please read our Privacy and Cookies Policy.<\/p><p>The Privacy and Cookie Policy is designed to clearly explain how we collect, use, share and protect personal data from our customers when they use our services or visit our site.<\/p><p>As part of our business activity, we need to collect some personal data from our customers, however, we respect their right to privacy and do not collect any personal information without their prior consent.<\/p><p>Privacy Policy and Cookies<\/p><p>Personal data<\/p><p>This is any information, of any nature and regardless of its support, concerning a directly or indirectly identified or identifiable natural person (data subject). For example, your name, an identification number, location data, contacts, even elements of your physical, economic or social identity.<\/p><p>The personal data collected is limited to that which is strictly necessary for the purpose of the processing, namely, name, address, taxpayer number, telephone number or e-mail address, but other data necessary for the supply of products or services may be collected.<\/p><p>Porto Consumer Information and Arbitration Center<\/p><p>EXTRA-JUDICIAL SETTLEMENT OF DISPUTES For the purposes of the provisions of Law No. 144\/2015, we inform you that in case of dispute, the consumer of our brands and products may resort to an Alternative Dispute Resolution Body for consumer disputes: Consumer Information and Arbitration Center of Porto, located at Rua Dami\u00e3o de G\u00f3is, 31 \u2013 Loja 6 \u2013 4050-225 Porto, with the following email: cicap@mail.telepac.pt. For more informations Portal do Consumidor www.consumidor.pt.<\/p><p>Responsibility for the collection and processing of personal data<\/p><p>Your data will be collected and processed by\u00a0<b>Gaveta Decimal, Lda<\/b>\u00a0, collective entity number 514677856, headquartered at Rua Brigadeiro Correia Cardoso, n\u00ba229 2\u00aaESQ, 3000-086 Coimbra.<\/p><p>This is the company responsible for the processing of personal data within the meaning of Regulation (EU) 2016\/679 of the European Parliament and of the Council of 27 April 2016 and other applicable national privacy and data protection legislation.<\/p><p>If you have any questions or concerns regarding the processing of your personal data you may contact us through the following means:<\/p><p>Phone Number: 930 517 719<\/p><p>Carta registada: Gaveta Decimal, Lda<\/p><p>Rua Brigadeiro Correia Cardoso nr 229 2\u00ba ESQ, 3000-086<\/p><p>Email: geral@revito.pt<\/p><p>Term of conservation of personal data<\/p><p>The data processing by\u00a0<b>Gaveta Decimal, Lda<\/b>\u00a0will be maintained as long as it is in operation or it is necessary for the commercial relationship established with its customers.<\/p><p>Personal data security<\/p><p>Technical and organizational security measures have been adopted to preserve the confidentiality and security of personal data collected and processed in order to prevent their loss, disclosure, alteration, improper or unauthorized treatment or access.<\/p><p>Processing and modification of personal data<\/p><p>By providing us with your personal data, you acknowledge and consent that it will be processed in accordance with this Privacy and Cookies Policy, so please read it and contact us if you have any questions.<\/p><p>Please be advised that we will amend this Privacy and Cookies Policy whenever necessary without the need for any prior consent.<\/p><p>As a holder of personal data you have<\/p><ul><li><b>Right to Information<\/b>, which consists of the right to be informed about the purpose of data processing, to whom the data may be communicated, what rights they have and under what conditions they can exercise them, as well as what data they are required to provide; Right of Access, which is the right to access one\u2019s personal data provided by him\/her, without restriction, without excessive delay or cost, as well as to know any information available on the origin of such data;<\/li><li aria-level=\"1\"><b>Right of Access,<\/b>\u00a0which is the right to access one\u2019s personal data provided by him\/her, without restriction, without excessive delay or cost, as well as to know any information available on the origin of such data;<\/li><li aria-level=\"1\"><b>Right of Rectification,<\/b>\u00a0which consists of the right to demand that their data is accurate and up to date, being able to request its rectification with\u00a0<b>Webcomum;<\/b><\/li><li aria-level=\"1\"><b>Right of Deletion (or \u201cforgetting\u201d)<\/b>, which is the right to demand the elimination of their personal data from Webcomum\u2019s records when they are no longer used for the purposes for which they have been collected<\/li><li aria-level=\"1\"><b>Right of Opposition,<\/b>\u00a0which consists of the right to oppose, at their request and free of charge, the processing of their personal data for direct marketing purposes;<\/li><li aria-level=\"1\"><b>Right to Portability,<\/b>\u00a0which is the right to receive the personal data they have provided to Webcomum in a structured, commonly used and machine-readable format, and to transmit such data to another controller.<\/li><li aria-level=\"1\"><b>Right to Limitation of Processing,<\/b>\u00a0which allows them to request, under certain circumstances, the limitation of the processing of their data, in particular (i) when they contest the accuracy of their personal data, for a period that allows Webcomum to verify its accuracy; (ii) if processing is unlawful and the Customer opposes the erasure of the data and instead requests the limitation of its use; or (iii) when Webcomum no longer needs the Customer\u2019s personal data for processing purposes, but such data is required by the Customer for the establishment, exercise or defense of a right in legal proceedings<\/li><li aria-level=\"1\"><b>Right to Complaint<\/b><\/li><\/ul><p>to the CNPD, which consists of the right to lodge, without prejudice to any other administrative or judicial remedy, a complaint with a supervisory authority, in particular in the Member State of his habitual residence, place of work or place where the offence is alleged to have been committed, if the data subject considers that the processing of personal data concerning him infringes the General Data Protection (Regulation (EU) 2016\/679) and other applicable national legislation. In Portugal, the supervisory authority is the Comiss\u00e3o Nacional de Prote\u00e7\u00e3o de Dados. In Portugal the supervisory authority is the National Commission for Data Protection.<\/p><p>To exercise any of their rights, Customers may use the following means at the Gaveta Decimal:<br \/>Phone Number: 930 517 719<br \/>Carta registada: Gaveta Decimal, Lda<br \/>Rua Brigadeiro Correia Cardoso, n\u00ba229 2\u00ba Esq, 3000-086 Coimbra<br \/>Email: geral@revito.pt<\/p><p>Cookies Policy<\/p><p>The collection of data from your computer by means of small files commonly known as cookies is used to<\/p><ul><li aria-level=\"1\">mprove the performance of the navigation on our site \u2013 i.e. we use this information to improve our service and thus adapt the content and presentation of the site based on the type of browser you use or other information sent by the browser;<\/li><li aria-level=\"1\">or for statistical purposes such as the number of times our site is visited, the links used for that purpose and the preferences of visitors;<\/li><\/ul><p>Cookies can also be used when opening newsletters\/emails, for statistical purposes, and that allow to know if they are opened and to verify the clicks through links or ads within the newsletter.<\/p><p>The data we collect in this way remains anonymous.<\/p><p>We do not commercialize the personal data of customers or users.<\/p><p>This Cookies Policy is periodically reviewed by Webcomum and its content may therefore be updated.<\/p><p>A cookie is a small text file that is sent by a web server and stored on your computer or mobile device when you visit websites. This file keeps a record of the site visited and collects some information about this visit. This helps websites store and retrieve information about your browsing habits in order to customize the navigation according to your preferences.<\/p><p>Regarding their life cycle, cookies can be<\/p><ul><li aria-level=\"1\">session cookies \u2013 they are temporary and only remain in the cookie file until the user leaves the site, so they are deleted when you close the browser. The information obtained is used to analyze traffic patterns, which makes it easier to identify problems.<\/li><li aria-level=\"1\">persistent cookies \u2013 remain until the user manually deletes them or their expiration date expires. They are used whenever the user makes a new visit to the site for a more personalized service, adjusting navigation to the user\u2019s interests.<\/li><\/ul><p>As for the domain to which they belong they can be:<\/p><ul><li aria-level=\"1\">own cookies \u2013 which are downloaded by the website where you are browsing<\/li><li aria-level=\"1\">third-party cookies \u2013 which are downloaded by websites from a domain different from the one you are browsing. This can happen for example, on sites with advertising banners from other entities.<\/li><\/ul><p>As for function they can be:<\/p><p>Analytical cookies are used anonymously for statistical purposes.<\/p><p>Functionality cookies store the user\u2019s preferences.<\/p><p>Of these, we use cookies for various purposes.<\/p><p>How to enable or disable cookies in your browser<\/p><ol><li>Click on the Google Chrome menu icon.<\/li><li>Select \u201cSettings.<\/li><li>At the bottom of the page, click \u201cShow advanced settings.<\/li><li>In the \u201cPrivacy\u201d section, click \u201cContent settings.<\/li><li>Enable or disable cookies:<\/li><\/ol><ul><li aria-level=\"1\">To enable cookies, select \u201cAllow local data settings (recommended).\u201d<\/li><li aria-level=\"1\">To disable cookies, select \u201cBlock any data settings by sites.\u201d Internet Explorer<\/li><\/ul><p>Internet Explorer<\/p><ol><li>Open Internet Explorer by clicking the \u201cStart\u201d button, and then clicking \u201cInternet Explorer.\u201d<\/li><li>Click on the \u201cTools\u201d button, and then click on \u201cInternet Options.\u201d<\/li><li>Click on the \u201cPrivacy\u201d tab, and under \u201cSettings\u201d move the slider to the top to block all cookies or to the bottom to allow all cookies, and then click OK.<\/li><\/ol><p>Firefox<\/p><ol><li>Select \u201cTools\u201d &gt; \u201cOptions\u201d e and access the panel \u201cPrivacy\u201d.<\/li><li>In the menu \u201cCookies e dados de sites\u201d, select the option \u201cBloquear cookies e dados de sites\u201d.<\/li><\/ol><p>If you want to allow sites you trust to store cookies permanently (for example, to allow automatic authentication on a particular site), press Exceptions\u2026, enter the site address and press allow.<\/p><p>Safari<\/p><ol><li>Click on \u201cEdit\u201d;<\/li><li>Select \u201cPreferences\u201d;<\/li><li>In the superior panel, select the icon \u201cSecurity\u201d<\/li><li>In the section \u201cAccept Cookies\u201d, select \u201cNever\u201d.<\/li><\/ol><p>Personal data<\/p><p>This is any information, of any nature and regardless of its support, concerning a directly or indirectly identified or identifiable natural person (data subject). For example, your name, an identification number, location data, contacts, even elements of your physical, economic or social identity.<\/p><p>The personal data collected is limited to that which is strictly necessary for the purpose of the processing, namely, name, address, taxpayer number, telephone number or e-mail address, but other data necessary for the supply of products or services may be collected.<\/p><p>Opera<\/p><ol><li>Click on \u201cSettings\u201d<\/li><li>Select \u201cPreferences\u201d &gt; \u201cAdvanced\u201d &gt; \u201cCookies\u201d &gt; \u201cEnable\u201d or \u201cdisable cookies\u201d<\/li><\/ol>\t\t\t\t\t\t\t\t<\/div>\n\t\t\t\t<\/div>\n\t\t\t\t\t<\/div>\n\t\t<\/div>\n\t\t\t\t\t<\/div>\n\t\t<\/section>\n\t\t\t\t<\/div>\n\t\t","protected":false},"excerpt":{"rendered":"<p>Privacy Policy and Cookies Before you browse our site, please read our Privacy and Cookies Policy. The Privacy and Cookie Policy is designed to clearly explain how we collect, use, share and protect personal data from our customers when they use our services or visit our site. As part of our business activity, we need &hellip; <\/p>\n<p class=\"link-more\"><a href=\"https:\/\/douronobilis.pt\/en\/privacy-policy\/\" class=\"more-link\">Read More <span class=\"screen-reader-text\"> &#8220;Privacy Policy&#8221;<\/span><\/a><\/p>\n","protected":false},"author":1,"featured_media":0,"parent":0,"menu_order":0,"comment_status":"closed","ping_status":"closed","template":"page-elementor.php","meta":{"_acf_changed":false,"inline_featured_image":false,"footnotes":""},"class_list":["post-4586","page","type-page","status-publish","hentry"],"acf":[],"_links":{"self":[{"href":"https:\/\/douronobilis.pt\/en\/wp-json\/wp\/v2\/pages\/4586","targetHints":{"allow":["GET"]}}],"collection":[{"href":"https:\/\/douronobilis.pt\/en\/wp-json\/wp\/v2\/pages"}],"about":[{"href":"https:\/\/douronobilis.pt\/en\/wp-json\/wp\/v2\/types\/page"}],"author":[{"embeddable":true,"href":"https:\/\/douronobilis.pt\/en\/wp-json\/wp\/v2\/users\/1"}],"replies":[{"embeddable":true,"href":"https:\/\/douronobilis.pt\/en\/wp-json\/wp\/v2\/comments?post=4586"}],"version-history":[{"count":5,"href":"https:\/\/douronobilis.pt\/en\/wp-json\/wp\/v2\/pages\/4586\/revisions"}],"predecessor-version":[{"id":4591,"href":"https:\/\/douronobilis.pt\/en\/wp-json\/wp\/v2\/pages\/4586\/revisions\/4591"}],"wp:attachment":[{"href":"https:\/\/douronobilis.pt\/en\/wp-json\/wp\/v2\/media?parent=4586"}],"curies":[{"name":"wp","href":"https:\/\/api.w.org\/{rel}","templated":true}]}}